{"id":2,"date":"2026-05-15T08:46:59","date_gmt":"2026-05-15T08:46:59","guid":{"rendered":"https:\/\/tiengphapvitirouge.vn\/?page_id=2"},"modified":"2026-05-15T10:14:38","modified_gmt":"2026-05-15T10:14:38","slug":"sample-page","status":"publish","type":"page","link":"https:\/\/tiengphapvitirouge.vn\/?page_id=2","title":{"rendered":"\u0110\u1ecdc"},"content":{"rendered":"\n<p>T\u1ea5t t\u1ea7n t\u1eadt v\u1ec1 t\u1eeb v\u1ef1ng v\u00e0 ph\u00e2n t\u00edch c\u00e2u khi \u0111\u1ecdc hi\u1ec3u<\/p>\n","protected":false},"excerpt":{"rendered":"<p>T\u1ea5t t\u1ea7n t\u1eadt v\u1ec1 t\u1eeb v\u1ef1ng v\u00e0 ph\u00e2n t\u00edch c\u00e2u khi \u0111\u1ecdc hi\u1ec3u<\/p>\n","protected":false},"author":1,"featured_media":0,"parent":0,"menu_order":0,"comment_status":"closed","ping_status":"open","template":"","meta":{"footnotes":""},"class_list":["post-2","page","type-page","status-publish","hentry"],"blocksy_meta":[],"_links":{"self":[{"href":"https:\/\/tiengphapvitirouge.vn\/index.php?rest_route=\/wp\/v2\/pages\/2","targetHints":{"allow":["GET"]}}],"collection":[{"href":"https:\/\/tiengphapvitirouge.vn\/index.php?rest_route=\/wp\/v2\/pages"}],"about":[{"href":"https:\/\/tiengphapvitirouge.vn\/index.php?rest_route=\/wp\/v2\/types\/page"}],"author":[{"embeddable":true,"href":"https:\/\/tiengphapvitirouge.vn\/index.php?rest_route=\/wp\/v2\/users\/1"}],"replies":[{"embeddable":true,"href":"https:\/\/tiengphapvitirouge.vn\/index.php?rest_route=%2Fwp%2Fv2%2Fcomments&post=2"}],"version-history":[{"count":1,"href":"https:\/\/tiengphapvitirouge.vn\/index.php?rest_route=\/wp\/v2\/pages\/2\/revisions"}],"predecessor-version":[{"id":16,"href":"https:\/\/tiengphapvitirouge.vn\/index.php?rest_route=\/wp\/v2\/pages\/2\/revisions\/16"}],"wp:attachment":[{"href":"https:\/\/tiengphapvitirouge.vn\/index.php?rest_route=%2Fwp%2Fv2%2Fmedia&parent=2"}],"curies":[{"name":"wp","href":"https:\/\/api.w.org\/{rel}","templated":true}]}}